{"id":78,"date":"2017-05-02T11:43:02","date_gmt":"2017-05-02T09:43:02","guid":{"rendered":"http:\/\/rent.keglovits.at\/?page_id=78"},"modified":"2024-01-23T09:43:51","modified_gmt":"2024-01-23T08:43:51","slug":"inkludierte-leistungen","status":"publish","type":"page","link":"https:\/\/rent.auto-keglovits.at\/?page_id=78","title":{"rendered":"Infos zur Miete"},"content":{"rendered":"<div class=\"textLayer\">\n<div><\/div>\n<div><strong>Im Preis inbegriffen sind<\/strong><\/div>\n<ul>\n<li>unlimitierte Kilometer<\/li>\n<li>Autobahnvignette<\/li>\n<li>Vollkaskoversicherung (SB pro Schadensfall \u20ac 600,--)Exkl. Treibstoff!<\/li>\n<\/ul>\n<div>\n<div><strong>Abholung &amp; R\u00fcckgabe<\/strong><\/div>\n<div class=\"textLayer\">nur w\u00e4hrend der \u00d6ffnungszeiten m\u00f6glich<br \/>\n(Mo-Fr 7.15-18.00 Uhr, Sa 9.00-12.00)<\/div>\n<\/div>\n<div class=\"textLayer\"><strong>Berechtigte Fahrer*in<\/strong><\/div>\n<div class=\"textLayer\">Neben dem\/der Mieter\/in sind nur Personen, die in dessen\/deren gleichen Haushalt leben, berechtigt, das Fahrzeug zu lenken.<br \/>\nTarif A+B+F: ab 19 Jahren<br \/>\nTarif C+D+E: 20 Jahre<\/div>\n<div>Ein g\u00fcltiger F\u00fchrerschein muss vorgelegt werden.<\/div>\n<div class=\"textLayer\"><\/div>\n<\/div>\n<div class=\"textLayer\"><strong>Auslandsfahrten<\/strong><\/div>\n<div class=\"textLayer\">...sind nicht m\u00f6glich.<\/div>\n<div class=\"textLayer\">\n<div>\n<div class=\"textLayer\"><\/div>\n<div class=\"textLayer\"><strong>Sonstiges<\/strong><\/div>\n<\/div>\n<\/div>\n<div class=\"textLayer\">\n<ul>\n<li>Ggf. begrenzte Verf\u00fcgbarkeit - eine rechtzeitige Reservierung wird empfohlen!<\/li>\n<li>Preise inkl. 20% MWST und exkl. 1%iger gesetzlicher Vertragsgeb\u00fchr, die ab einem Rechnungsbetrag von \u20ac 150,01 eingehoben wird.<\/li>\n<li>Die Mietfahrzeuge k\u00f6nnen mit einer Werbeaufschrift versehen sein.<\/li>\n<li>Bei Langzeitmieten (ab 1 Monat) bitten wir Sie, uns eine Kopie Ihres Meldezettels mitzubringen.<\/li>\n<li>Der Mietpreis ist im Voraus zu entrichten.<\/li>\n<li>M\u00f6gliche Zahlungsmittel: Bar, Debitkarte, Kreditkarte (Visa, Mastercard)<\/li>\n<li>Es wird keine Kaution verlangt. Sie ben\u00f6tigen auch keine Kreditkarte.<\/li>\n<li>Die Reinigung von etwaiger starker Verunreinigung des Innenraums (Hundehaare, Matsch, etc.) wird gesondert in Rechnung gestellt.<\/li>\n<\/ul>\n<\/div>\n<div class=\"textLayer\"><\/div>\n","protected":false},"excerpt":{"rendered":"<p>Im Preis inbegriffen sind unlimitierte Kilometer Autobahnvignette Vollkaskoversicherung (SB pro Schadensfall \u20ac 600,--)Exkl. Treibstoff! Abholung &amp; R\u00fcckgabe nur w\u00e4hrend der \u00d6ffnungszeiten m\u00f6glich (Mo-Fr 7.15-18.00 Uhr, Sa 9.00-12.00) Berechtigte Fahrer*in Neben dem\/der Mieter\/in sind nur Personen, die in dessen\/deren gleichen Haushalt leben, berechtigt, das Fahrzeug zu lenken. Tarif A+B+F: ab 19 Jahren Tarif C+D+E: 20 Jahre <a href=\"https:\/\/rent.auto-keglovits.at\/?page_id=78\" class=\"more-link\">...weiterlesen<span class=\"screen-reader-text\"> \"Infos zur Miete\"<\/span><\/a><\/p>\n","protected":false},"author":1,"featured_media":0,"parent":0,"menu_order":0,"comment_status":"closed","ping_status":"closed","template":"","meta":[],"_links":{"self":[{"href":"https:\/\/rent.auto-keglovits.at\/index.php?rest_route=\/wp\/v2\/pages\/78"}],"collection":[{"href":"https:\/\/rent.auto-keglovits.at\/index.php?rest_route=\/wp\/v2\/pages"}],"about":[{"href":"https:\/\/rent.auto-keglovits.at\/index.php?rest_route=\/wp\/v2\/types\/page"}],"author":[{"embeddable":true,"href":"https:\/\/rent.auto-keglovits.at\/index.php?rest_route=\/wp\/v2\/users\/1"}],"replies":[{"embeddable":true,"href":"https:\/\/rent.auto-keglovits.at\/index.php?rest_route=%2Fwp%2Fv2%2Fcomments&post=78"}],"version-history":[{"count":14,"href":"https:\/\/rent.auto-keglovits.at\/index.php?rest_route=\/wp\/v2\/pages\/78\/revisions"}],"predecessor-version":[{"id":211,"href":"https:\/\/rent.auto-keglovits.at\/index.php?rest_route=\/wp\/v2\/pages\/78\/revisions\/211"}],"wp:attachment":[{"href":"https:\/\/rent.auto-keglovits.at\/index.php?rest_route=%2Fwp%2Fv2%2Fmedia&parent=78"}],"curies":[{"name":"wp","href":"https:\/\/api.w.org\/{rel}","templated":true}]}}