{"id":59,"date":"2017-04-29T10:29:24","date_gmt":"2017-04-29T08:29:24","guid":{"rendered":"http:\/\/rent.keglovits.at\/?page_id=59"},"modified":"2017-05-02T10:51:32","modified_gmt":"2017-05-02T08:51:32","slug":"willkommen","status":"publish","type":"page","link":"https:\/\/rent.auto-keglovits.at\/","title":{"rendered":"Willkommen beim Keglovits Team!"},"content":{"rendered":"<p><strong><span class=\"font_8\"><span class=\"color_33\"><span class=\"bold\">Sie brauchen f\u00fcr ein paar Tage ein gr\u00f6\u00dferes Auto oder m\u00f6chten eine Cabrio-Spritztour unternehmen? Dann buchen Sie bei uns einen Mietwagen!<\/span><\/span><\/span><\/strong><\/p>\n<p>Mit unserem eigenen Mietwagenunternehmen KEGLOVITS RENT bieten wir Ihnen Fahrzeuge verschiedenster Klassen zu g\u00fcnstigen Miettarifen am Standort Zw\u00f6lfaxing.<\/p>\n<p><a href=\"http:\/\/rent.auto-keglovits.at\/?page_id=42\"><img loading=\"lazy\" class=\"alignnone size-medium wp-image-57\" src=\"http:\/\/rent.auto-keglovits.at\/wp-content\/uploads\/2017\/04\/cabriowochenende-300x225.jpg\" alt=\"\" width=\"300\" height=\"225\" srcset=\"https:\/\/rent.auto-keglovits.at\/wp-content\/uploads\/2017\/04\/cabriowochenende-300x225.jpg 300w, https:\/\/rent.auto-keglovits.at\/wp-content\/uploads\/2017\/04\/cabriowochenende-768x576.jpg 768w, https:\/\/rent.auto-keglovits.at\/wp-content\/uploads\/2017\/04\/cabriowochenende.jpg 1024w, https:\/\/rent.auto-keglovits.at\/wp-content\/uploads\/2017\/04\/cabriowochenende-960x720.jpg 960w\" sizes=\"(max-width: 300px) 100vw, 300px\" \/><\/a><\/p>\n","protected":false},"excerpt":{"rendered":"<p>Sie brauchen f\u00fcr ein paar Tage ein gr\u00f6\u00dferes Auto oder m\u00f6chten eine Cabrio-Spritztour unternehmen? Dann buchen Sie bei uns einen Mietwagen! Mit unserem eigenen Mietwagenunternehmen KEGLOVITS RENT bieten wir Ihnen Fahrzeuge verschiedenster Klassen zu g\u00fcnstigen Miettarifen am Standort Zw\u00f6lfaxing.<\/p>\n","protected":false},"author":1,"featured_media":0,"parent":0,"menu_order":0,"comment_status":"closed","ping_status":"closed","template":"","meta":[],"_links":{"self":[{"href":"https:\/\/rent.auto-keglovits.at\/index.php?rest_route=\/wp\/v2\/pages\/59"}],"collection":[{"href":"https:\/\/rent.auto-keglovits.at\/index.php?rest_route=\/wp\/v2\/pages"}],"about":[{"href":"https:\/\/rent.auto-keglovits.at\/index.php?rest_route=\/wp\/v2\/types\/page"}],"author":[{"embeddable":true,"href":"https:\/\/rent.auto-keglovits.at\/index.php?rest_route=\/wp\/v2\/users\/1"}],"replies":[{"embeddable":true,"href":"https:\/\/rent.auto-keglovits.at\/index.php?rest_route=%2Fwp%2Fv2%2Fcomments&post=59"}],"version-history":[{"count":5,"href":"https:\/\/rent.auto-keglovits.at\/index.php?rest_route=\/wp\/v2\/pages\/59\/revisions"}],"predecessor-version":[{"id":68,"href":"https:\/\/rent.auto-keglovits.at\/index.php?rest_route=\/wp\/v2\/pages\/59\/revisions\/68"}],"wp:attachment":[{"href":"https:\/\/rent.auto-keglovits.at\/index.php?rest_route=%2Fwp%2Fv2%2Fmedia&parent=59"}],"curies":[{"name":"wp","href":"https:\/\/api.w.org\/{rel}","templated":true}]}}