{"id":39,"date":"2017-04-29T10:12:11","date_gmt":"2017-04-29T08:12:11","guid":{"rendered":"http:\/\/rent.keglovits.at\/?page_id=39"},"modified":"2024-01-23T09:45:48","modified_gmt":"2024-01-23T08:45:48","slug":"impressum","status":"publish","type":"page","link":"https:\/\/rent.auto-keglovits.at\/?page_id=39","title":{"rendered":"Impressum"},"content":{"rendered":"<div class=\"mh-wrapper clearfix\">\n<div id=\"main-content\" class=\"mh-content\"><\/div>\n<aside class=\"mh-widget-col-1 mh-sidebar\">\n<div id=\"main-content\" class=\"mh-content\">\n<article id=\"page-82\" class=\"post-82 page type-page status-publish hentry\">\n<div class=\"entry-content clearfix\">\n<p><strong>Medieninhaber und Diensteanbieter:<\/strong><\/p>\n<p>Keglovits Rent GesmbH<br \/>\nSchwechater Stra\u00dfe 59-71, 2322 Zw\u00f6lfaxing<br \/>\nTel.: 01\/707 22 01<br \/>\nFax: 01\/707 33 77<br \/>\nE-Mail: office@keglovits.at<\/p>\n<p>UID-Nr. ATU65482523<br \/>\nFirmenbuch-Nr. FN 340923 h<br \/>\nFirmenbuchgericht: Landesgericht Korneuburg<br \/>\nGesch\u00e4ftsf\u00fchrung: Roman Keglovits-Ackerer, BA<\/p>\n<p><a href=\"http:\/\/rent.auto-keglovits.at\/wp-content\/uploads\/2017\/04\/rent-nutzungsbedingungen.pdf\" target=\"_blank\" rel=\"noopener noreferrer\"><strong>Unsere Nutzungsbedingungen<\/strong><\/a><\/p>\n<p><strong>Rechtliche Hinweise <\/strong><\/p>\n<p><strong>1.Herausgeber<\/strong><\/p>\n<p>Keglovits Rent GesmbH<br \/>\nSchwechater Stra\u00dfe 59-71<br \/>\n2322 Zw\u00f6lfaxing<\/p>\n<p><strong>2.Haftung<\/strong><br \/>\nDie dargestellten Abbildungen enthalten zum Teil nicht serienm\u00e4\u00dfige, kostenpflichtige Sonderausstattungen. Dargestellte Farben k\u00f6nnen von den Originalfarben abweichen. Manche Fahrzeugoptionen werden nur in bestimmten Kombinationen angeboten. Beschriebene Fahrzeuge, Ausstattungsmerkmale und Service-Leistungen beschr\u00e4nken sich ausschlie\u00dflich auf den \u00f6sterreichischen Markt. \u00c4nderungen in Modellvarianten, Konstruktionen, Ausstattungen, technischer Daten, Preis sowie Eingabefehler sind ausdr\u00fccklich vorbehalten. In seltenen Ausnahmef\u00e4llen ist es m\u00f6glich, dass die auf dieser Seite angegebenen Preise f\u00fcr Produkte und Dienstleistungen nicht tagaktuell sind.<\/p>\n<p>Trotz gr\u00f6\u00dftm\u00f6glicher Sorgfalt bei der Erstellung und Pflege der Website \u00fcbernehmen wir keinerlei Haftung f\u00fcr unser Internet-Angebot.<\/p>\n<p>Wir distanzieren uns au\u00dferdem ausdr\u00fccklich von den Inhalten fremder Websites, auf die von dieser Website aus gelinkt wird, da wir hierauf keinerlei Einfluss aus\u00fcben k\u00f6nnen.<\/p>\n<p><strong>3.Datenschutz<\/strong><\/p>\n<div class=\"entry-content clearfix\">\n<div class=\" et_pb_row et_pb_row_1\">\n<div class=\"et_pb_column et_pb_column_4_4 et_pb_column_1 et_pb_css_mix_blend_mode_passthrough et-last-child\">\n<div class=\"et_pb_text et_pb_module et_pb_bg_layout_light et_pb_text_align_left et_pb_text_1\">\n<div class=\"et_pb_text_inner\">\n<p>Diese Datenschutzerkl\u00e4rung gilt nur f\u00fcr rent.auto-keglovits.at - nicht f\u00fcr andere Domains oder Subdomains.<\/p>\n<\/div>\n<div class=\"et_pb_text_inner\">\n<p>Wir weisen darauf hin, dass die Daten\u00fcbertragung im Internet (z.B. bei der Kommunikation per E-Mail) Sicherheitsl\u00fccken aufweisen kann. Ein l\u00fcckenloser Schutz der Daten vor dem Zugriff durch Dritte ist nicht m\u00f6glich.<\/p>\n<p>Details erfahren Sie in unserer <a href=\"https:\/\/rent.auto-keglovits.at\/?page_id=164\">Datenschutzerkl\u00e4rung<\/a> f\u00fcr rent.auto-keglovits.at<\/p>\n<p>Die Datenschutzerkl\u00e4rung f\u00fcr unsere Subdomain seat.keglovits.at finden Sie hier: <a href=\"https:\/\/seat.keglovits.at\/datenschutz\" target=\"_blank\" rel=\"noopener noreferrer\">https:\/\/seat.keglovits.at\/datenschutz<\/a><\/p>\n<p>Die Datenschutzerkl\u00e4rung f\u00fcr unsere Subdomain mazda.keglovits.at finden Sie hier: <a href=\"https:\/\/keglovits.mazda.at\/datenschutz\/\" target=\"_blank\" rel=\"noopener noreferrer\">https:\/\/keglovits.mazda.at\/datenschutz\/<\/a><\/p>\n<p>Die Datenschutzerkl\u00e4rung f\u00fcr unsere Domain www.keglovits.at finden Sie hier: <a href=\"https:\/\/www.keglovits.at\/kontakt\/datenschutzerklaerung\/\" target=\"_blank\" rel=\"noopener noreferrer\">https:\/\/www.keglovits.at\/kontakt\/datenschutzerklaerung\/<\/a><\/p>\n<\/div>\n<\/div>\n<\/div>\n<\/div>\n<\/div>\n<\/div>\n<\/article>\n<\/div>\n<\/aside>\n<\/div>\n","protected":false},"excerpt":{"rendered":"<p>Medieninhaber und Diensteanbieter: Keglovits Rent GesmbH Schwechater Stra\u00dfe 59-71, 2322 Zw\u00f6lfaxing Tel.: 01\/707 22 01 Fax: 01\/707 33 77 E-Mail: office@keglovits.at UID-Nr. ATU65482523 Firmenbuch-Nr. FN 340923 h Firmenbuchgericht: Landesgericht Korneuburg Gesch\u00e4ftsf\u00fchrung: Roman Keglovits-Ackerer, BA Unsere Nutzungsbedingungen Rechtliche Hinweise 1.Herausgeber Keglovits Rent GesmbH Schwechater Stra\u00dfe 59-71 2322 Zw\u00f6lfaxing 2.Haftung Die dargestellten Abbildungen enthalten zum Teil nicht <a href=\"https:\/\/rent.auto-keglovits.at\/?page_id=39\" class=\"more-link\">...weiterlesen<span class=\"screen-reader-text\"> \"Impressum\"<\/span><\/a><\/p>\n","protected":false},"author":1,"featured_media":0,"parent":42,"menu_order":0,"comment_status":"closed","ping_status":"closed","template":"","meta":[],"_links":{"self":[{"href":"https:\/\/rent.auto-keglovits.at\/index.php?rest_route=\/wp\/v2\/pages\/39"}],"collection":[{"href":"https:\/\/rent.auto-keglovits.at\/index.php?rest_route=\/wp\/v2\/pages"}],"about":[{"href":"https:\/\/rent.auto-keglovits.at\/index.php?rest_route=\/wp\/v2\/types\/page"}],"author":[{"embeddable":true,"href":"https:\/\/rent.auto-keglovits.at\/index.php?rest_route=\/wp\/v2\/users\/1"}],"replies":[{"embeddable":true,"href":"https:\/\/rent.auto-keglovits.at\/index.php?rest_route=%2Fwp%2Fv2%2Fcomments&post=39"}],"version-history":[{"count":15,"href":"https:\/\/rent.auto-keglovits.at\/index.php?rest_route=\/wp\/v2\/pages\/39\/revisions"}],"predecessor-version":[{"id":214,"href":"https:\/\/rent.auto-keglovits.at\/index.php?rest_route=\/wp\/v2\/pages\/39\/revisions\/214"}],"up":[{"embeddable":true,"href":"https:\/\/rent.auto-keglovits.at\/index.php?rest_route=\/wp\/v2\/pages\/42"}],"wp:attachment":[{"href":"https:\/\/rent.auto-keglovits.at\/index.php?rest_route=%2Fwp%2Fv2%2Fmedia&parent=39"}],"curies":[{"name":"wp","href":"https:\/\/api.w.org\/{rel}","templated":true}]}}