{"id":35,"date":"2017-04-29T10:08:39","date_gmt":"2017-04-29T08:08:39","guid":{"rendered":"http:\/\/rent.keglovits.at\/?page_id=35"},"modified":"2018-04-17T13:05:35","modified_gmt":"2018-04-17T11:05:35","slug":"gutscheine","status":"publish","type":"page","link":"https:\/\/rent.auto-keglovits.at\/?page_id=35","title":{"rendered":"Gutscheine"},"content":{"rendered":"<p>Verschenken Sie einen Gutschein f\u00fcr eine Fahrzeugmiete, zum Beispiel ein Wochenende mit dem Mazda MX-5 Cabrio!<\/p>\n<p>Gutscheine k\u00f6nnen Sie im Mazda Schauraum Zw\u00f6lfaxing erwerben.<\/p>\n","protected":false},"excerpt":{"rendered":"<p>Verschenken Sie einen Gutschein f\u00fcr eine Fahrzeugmiete, zum Beispiel ein Wochenende mit dem Mazda MX-5 Cabrio! Gutscheine k\u00f6nnen Sie im Mazda Schauraum Zw\u00f6lfaxing erwerben.<\/p>\n","protected":false},"author":1,"featured_media":0,"parent":0,"menu_order":0,"comment_status":"closed","ping_status":"closed","template":"","meta":[],"_links":{"self":[{"href":"https:\/\/rent.auto-keglovits.at\/index.php?rest_route=\/wp\/v2\/pages\/35"}],"collection":[{"href":"https:\/\/rent.auto-keglovits.at\/index.php?rest_route=\/wp\/v2\/pages"}],"about":[{"href":"https:\/\/rent.auto-keglovits.at\/index.php?rest_route=\/wp\/v2\/types\/page"}],"author":[{"embeddable":true,"href":"https:\/\/rent.auto-keglovits.at\/index.php?rest_route=\/wp\/v2\/users\/1"}],"replies":[{"embeddable":true,"href":"https:\/\/rent.auto-keglovits.at\/index.php?rest_route=%2Fwp%2Fv2%2Fcomments&post=35"}],"version-history":[{"count":4,"href":"https:\/\/rent.auto-keglovits.at\/index.php?rest_route=\/wp\/v2\/pages\/35\/revisions"}],"predecessor-version":[{"id":150,"href":"https:\/\/rent.auto-keglovits.at\/index.php?rest_route=\/wp\/v2\/pages\/35\/revisions\/150"}],"wp:attachment":[{"href":"https:\/\/rent.auto-keglovits.at\/index.php?rest_route=%2Fwp%2Fv2%2Fmedia&parent=35"}],"curies":[{"name":"wp","href":"https:\/\/api.w.org\/{rel}","templated":true}]}}