{"id":10,"date":"2017-04-29T10:05:08","date_gmt":"2017-04-29T08:05:08","guid":{"rendered":"http:\/\/rent.keglovits.at\/?page_id=10"},"modified":"2024-01-23T09:45:09","modified_gmt":"2024-01-23T08:45:09","slug":"mietwagenruecklaeufer","status":"publish","type":"page","link":"https:\/\/rent.auto-keglovits.at\/?page_id=10","title":{"rendered":"Mietwagenr\u00fcckl\u00e4ufer"},"content":{"rendered":"<p>Laufend sind bei uns g\u00fcnstige Mietwagenr\u00fcckl\u00e4ufer zu haben!<\/p>\n<p>Ihre Ansprechpartner f\u00fcr unsere Angebote sind:<\/p>\n<p>Thomas Kreuzer, Tel.: 01\/707 22 01-19, t.kreuzer@keglovits.at<br \/>und<br \/>Philip Keglovits-Ackerer, Tel.: 01\/707 22 01-61, p.keglovits-ackerer@keglovits.at<\/p>\n\n\n<p><\/p>\n","protected":false},"excerpt":{"rendered":"<p>Laufend sind bei uns g\u00fcnstige Mietwagenr\u00fcckl\u00e4ufer zu haben! Ihre Ansprechpartner f\u00fcr unsere Angebote sind: Thomas Kreuzer, Tel.: 01\/707 22 01-19, t.kreuzer@keglovits.atundPhilip Keglovits-Ackerer, Tel.: 01\/707 22 01-61, p.keglovits-ackerer@keglovits.at<\/p>\n","protected":false},"author":1,"featured_media":0,"parent":0,"menu_order":0,"comment_status":"closed","ping_status":"closed","template":"","meta":[],"_links":{"self":[{"href":"https:\/\/rent.auto-keglovits.at\/index.php?rest_route=\/wp\/v2\/pages\/10"}],"collection":[{"href":"https:\/\/rent.auto-keglovits.at\/index.php?rest_route=\/wp\/v2\/pages"}],"about":[{"href":"https:\/\/rent.auto-keglovits.at\/index.php?rest_route=\/wp\/v2\/types\/page"}],"author":[{"embeddable":true,"href":"https:\/\/rent.auto-keglovits.at\/index.php?rest_route=\/wp\/v2\/users\/1"}],"replies":[{"embeddable":true,"href":"https:\/\/rent.auto-keglovits.at\/index.php?rest_route=%2Fwp%2Fv2%2Fcomments&post=10"}],"version-history":[{"count":4,"href":"https:\/\/rent.auto-keglovits.at\/index.php?rest_route=\/wp\/v2\/pages\/10\/revisions"}],"predecessor-version":[{"id":213,"href":"https:\/\/rent.auto-keglovits.at\/index.php?rest_route=\/wp\/v2\/pages\/10\/revisions\/213"}],"wp:attachment":[{"href":"https:\/\/rent.auto-keglovits.at\/index.php?rest_route=%2Fwp%2Fv2%2Fmedia&parent=10"}],"curies":[{"name":"wp","href":"https:\/\/api.w.org\/{rel}","templated":true}]}}